{"id":7,"date":"2018-11-04T10:01:12","date_gmt":"2018-11-04T09:01:12","guid":{"rendered":"https:\/\/www.hausmeister-vit.de\/content\/?page_id=7"},"modified":"2023-02-17T17:54:39","modified_gmt":"2023-02-17T16:54:39","slug":"leistungen","status":"publish","type":"page","link":"https:\/\/www.hausmeister-vit.de\/content\/leistungen\/","title":{"rendered":"Wir f\u00fchren f\u00fcr Sie aus"},"content":{"rendered":"<p><strong><img loading=\"lazy\" class=\"alignleft wp-image-24\" src=\"https:\/\/www.hausmeister-vit.de\/content\/wp-content\/uploads\/2018\/11\/hausmeisterservice-300x200.jpg\" alt=\"\" width=\"200\" height=\"133\" srcset=\"https:\/\/www.hausmeister-vit.de\/content\/wp-content\/uploads\/2018\/11\/hausmeisterservice-300x200.jpg 300w, https:\/\/www.hausmeister-vit.de\/content\/wp-content\/uploads\/2018\/11\/hausmeisterservice-768x512.jpg 768w, https:\/\/www.hausmeister-vit.de\/content\/wp-content\/uploads\/2018\/11\/hausmeisterservice-525x350.jpg 525w, https:\/\/www.hausmeister-vit.de\/content\/wp-content\/uploads\/2018\/11\/hausmeisterservice-150x100.jpg 150w, https:\/\/www.hausmeister-vit.de\/content\/wp-content\/uploads\/2018\/11\/hausmeisterservice.jpg 960w\" sizes=\"(max-width: 200px) 100vw, 200px\" \/>Hausmeisterdienste f\u00fcr Hausverwaltungen, WEG`s, Firmen<br \/>\n<\/strong>Regelm\u00e4\u00dfige \u00dcberwachung des Objektes, Austausch von Leuchtmitteln am, im und um das Geb\u00e4ude, Reparaturarbeiten im Rahmen unseren Gewerks.<\/p>\n<p><strong><img loading=\"lazy\" class=\"alignleft wp-image-22\" src=\"https:\/\/www.hausmeister-vit.de\/content\/wp-content\/uploads\/2018\/11\/glasreingung-vit-300x200.jpg\" alt=\"\" width=\"200\" height=\"133\" srcset=\"https:\/\/www.hausmeister-vit.de\/content\/wp-content\/uploads\/2018\/11\/glasreingung-vit-300x200.jpg 300w, https:\/\/www.hausmeister-vit.de\/content\/wp-content\/uploads\/2018\/11\/glasreingung-vit-526x350.jpg 526w, https:\/\/www.hausmeister-vit.de\/content\/wp-content\/uploads\/2018\/11\/glasreingung-vit-150x100.jpg 150w, https:\/\/www.hausmeister-vit.de\/content\/wp-content\/uploads\/2018\/11\/glasreingung-vit.jpg 600w\" sizes=\"(max-width: 200px) 100vw, 200px\" \/>Glasreinigung<\/strong><br \/>\nDas Aush\u00e4ngeschild eines jeden Geb\u00e4udes bzw. Hauses sind saubere Fenster. Wie \u00fcbernehmen die professionelle Reinigung von Glas und Glasrahmen, Lamellen, Jalousien, Photovoltaik-und Solarthermieanlagen, Winterg\u00e4rten.<\/p>\n<p><img loading=\"lazy\" class=\"alignleft wp-image-61\" src=\"https:\/\/www.hausmeister-vit.de\/content\/wp-content\/uploads\/2018\/11\/solar-modules-924333__340-300x225.jpg\" alt=\"\" width=\"200\" height=\"150\" srcset=\"https:\/\/www.hausmeister-vit.de\/content\/wp-content\/uploads\/2018\/11\/solar-modules-924333__340-300x225.jpg 300w, https:\/\/www.hausmeister-vit.de\/content\/wp-content\/uploads\/2018\/11\/solar-modules-924333__340-150x113.jpg 150w, https:\/\/www.hausmeister-vit.de\/content\/wp-content\/uploads\/2018\/11\/solar-modules-924333__340.jpg 453w\" sizes=\"(max-width: 200px) 100vw, 200px\" \/><\/p>\n<p><strong>Reinigung von Photovoltaik-und Solarthermieanlagen<\/strong><br \/>\nDurch Pollen, Dreck in der Luft und Abgase k\u00f6nnen Solarplatten nach einiger Zeit verschmutzen. Dadurch verlieren sie bis zu 13,8 % ihrer eigentlichen Leistung. Durch eine regelm\u00e4\u00dfige Reinigung k\u00f6nnen Kosten gespart und Energie effektiver genutzt werden.<\/p>\n<p><strong><img loading=\"lazy\" class=\"alignleft wp-image-28\" src=\"https:\/\/www.hausmeister-vit.de\/content\/wp-content\/uploads\/2018\/11\/office.jpg\" alt=\"\" width=\"200\" height=\"150\" srcset=\"https:\/\/www.hausmeister-vit.de\/content\/wp-content\/uploads\/2018\/11\/office.jpg 259w, https:\/\/www.hausmeister-vit.de\/content\/wp-content\/uploads\/2018\/11\/office-150x112.jpg 150w\" sizes=\"(max-width: 200px) 100vw, 200px\" \/>Geb\u00e4udereinigung<br \/>\n<\/strong>Haus-, Wohnungs-, B\u00fcro- und Geb\u00e4udereinigung: Neben staubsaugen und -wischen ist die Nassreinigung ein wichtiger Teil der B\u00fcroreinigung und umfasst Schreibtische, PCs, Monitore, Lampen, K\u00fcche und Sanit\u00e4rr\u00e4ume incl. der Sanit\u00e4ranlagen.<\/p>\n<p><strong><img loading=\"lazy\" class=\"alignleft wp-image-29\" src=\"https:\/\/www.hausmeister-vit.de\/content\/wp-content\/uploads\/2018\/11\/laub-300x200.jpg\" alt=\"\" width=\"200\" height=\"134\" srcset=\"https:\/\/www.hausmeister-vit.de\/content\/wp-content\/uploads\/2018\/11\/laub-300x200.jpg 300w, https:\/\/www.hausmeister-vit.de\/content\/wp-content\/uploads\/2018\/11\/laub-150x100.jpg 150w, https:\/\/www.hausmeister-vit.de\/content\/wp-content\/uploads\/2018\/11\/laub.jpg 509w\" sizes=\"(max-width: 200px) 100vw, 200px\" \/>Gartenarbeiten &amp; Kehrdienste<br \/>\n<\/strong>Neuanlage und Pflege von G\u00e4rten, Beeten und Gr\u00fcnfl\u00e4chen,<br \/>\nLaub &#8211; Gr\u00fcnabfall Entsorgung, Baumf\u00e4llung, professionelle Reinigung von Parkfl\u00e4chen &amp; Tiefgaragenstellpl\u00e4tzen.<\/p>\n<p><strong><img loading=\"lazy\" class=\"alignleft wp-image-30\" src=\"https:\/\/www.hausmeister-vit.de\/content\/wp-content\/uploads\/2018\/11\/snow-thrower-951149__340-300x200.jpg\" alt=\"\" width=\"200\" height=\"134\" srcset=\"https:\/\/www.hausmeister-vit.de\/content\/wp-content\/uploads\/2018\/11\/snow-thrower-951149__340-300x200.jpg 300w, https:\/\/www.hausmeister-vit.de\/content\/wp-content\/uploads\/2018\/11\/snow-thrower-951149__340-150x100.jpg 150w, https:\/\/www.hausmeister-vit.de\/content\/wp-content\/uploads\/2018\/11\/snow-thrower-951149__340.jpg 509w\" sizes=\"(max-width: 200px) 100vw, 200px\" \/>Winterdienst<\/strong><br \/>\nSicher und schneefrei durch den Winter &#8211; kein l\u00e4stiges Schnee schippen! Sicherheit durch Dienstleister -Versicherung<br \/>\nDieses Angebot gilt f\u00fcr Sprendlingen, Buchschlag, Dreieichenhain, Langen und Neu-Isenburg<\/p>\n","protected":false},"excerpt":{"rendered":"<p>Hausmeisterdienste f\u00fcr Hausverwaltungen, WEG`s, Firmen Regelm\u00e4\u00dfige \u00dcberwachung des Objektes, Austausch von Leuchtmitteln am, im und um das Geb\u00e4ude, Reparaturarbeiten im Rahmen unseren Gewerks. Glasreinigung Das Aush\u00e4ngeschild eines jeden Geb\u00e4udes bzw. Hauses sind saubere Fenster. Wie \u00fcbernehmen die professionelle Reinigung von Glas und Glasrahmen, Lamellen, Jalousien, Photovoltaik-und Solarthermieanlagen, Winterg\u00e4rten. Reinigung von&#8230; <a class=\"continue-reading-link\" href=\"https:\/\/www.hausmeister-vit.de\/content\/leistungen\/\">Continue reading<\/a><\/p>\n","protected":false},"author":1,"featured_media":0,"parent":0,"menu_order":0,"comment_status":"closed","ping_status":"closed","template":"","meta":[],"_links":{"self":[{"href":"https:\/\/www.hausmeister-vit.de\/content\/wp-json\/wp\/v2\/pages\/7"}],"collection":[{"href":"https:\/\/www.hausmeister-vit.de\/content\/wp-json\/wp\/v2\/pages"}],"about":[{"href":"https:\/\/www.hausmeister-vit.de\/content\/wp-json\/wp\/v2\/types\/page"}],"author":[{"embeddable":true,"href":"https:\/\/www.hausmeister-vit.de\/content\/wp-json\/wp\/v2\/users\/1"}],"replies":[{"embeddable":true,"href":"https:\/\/www.hausmeister-vit.de\/content\/wp-json\/wp\/v2\/comments?post=7"}],"version-history":[{"count":14,"href":"https:\/\/www.hausmeister-vit.de\/content\/wp-json\/wp\/v2\/pages\/7\/revisions"}],"predecessor-version":[{"id":122,"href":"https:\/\/www.hausmeister-vit.de\/content\/wp-json\/wp\/v2\/pages\/7\/revisions\/122"}],"wp:attachment":[{"href":"https:\/\/www.hausmeister-vit.de\/content\/wp-json\/wp\/v2\/media?parent=7"}],"curies":[{"name":"wp","href":"https:\/\/api.w.org\/{rel}","templated":true}]}}